{"id":87,"date":"2018-03-02T18:11:41","date_gmt":"2018-03-02T15:11:41","guid":{"rendered":"https:\/\/endodontia.ee\/?page_id=87"},"modified":"2018-03-02T18:14:55","modified_gmt":"2018-03-02T15:14:55","slug":"artiklid","status":"publish","type":"page","link":"https:\/\/endodontia.ee\/?page_id=87","title":{"rendered":"Artiklid"},"content":{"rendered":"<ul>\n<li>13.-19.novembril 2017. aastal oli Euroopa Endodontide Seltsi (European Society of Endodontology, ESE) korraldatud \u00fcleeuroopaline antibiootikumide teadlikkuse t\u00f5stmise kampaania (ESE Antibiotic Awarness Campaign), mille k\u00e4igus juhiti arstide t\u00e4helepanu lokaalsete ja s\u00fcsteemsete antibiootikumide kasutamise korrektsetele n\u00e4idustustele, et v\u00e4ltida ravimgrupi v\u00e4\u00e4rkasutust. V\u00e4rske liikmena ESE ridades on Eesti Endodontia Seltsi kohus t\u00f5sta teadlikkust ka Eesti arstkonna seas. Antud temaatika on oluline ja puudutab meid k\u00f5iki.\u00a0<a href=\"https:\/\/endodontia.ee\/wp-content\/uploads\/2018\/03\/Antibiootikumidest-l\u00f5plik.pdf\">Loe artiklit<\/a><\/li>\n<\/ul>\n","protected":false},"excerpt":{"rendered":"<p>13.-19.novembril 2017. aastal oli Euroopa Endodontide Seltsi (European Society of Endodontology, ESE) korraldatud \u00fcleeuroopaline antibiootikumide teadlikkuse t\u00f5stmise kampaania (ESE Antibiotic Awarness Campaign), mille k\u00e4igus juhiti arstide t\u00e4helepanu lokaalsete ja s\u00fcsteemsete antibiootikumide kasutamise korrektsetele n\u00e4idustustele, et v\u00e4ltida ravimgrupi v\u00e4\u00e4rkasutust. V\u00e4rske liikmena ESE ridades on Eesti Endodontia Seltsi kohus t\u00f5sta teadlikkust ka Eesti arstkonna seas. Antud temaatika on oluline ja puudutab meid k\u00f5iki.\u00a0Loe artiklit<\/p>\n","protected":false},"author":1,"featured_media":0,"parent":0,"menu_order":0,"comment_status":"closed","ping_status":"closed","template":"","meta":{"footnotes":""},"class_list":["post-87","page","type-page","status-publish","hentry"],"yoast_head":"<!-- This site is optimized with the Yoast SEO plugin v27.5 - https:\/\/yoast.com\/product\/yoast-seo-wordpress\/ -->\n<title>Artiklid - Eesti Endodontia Selts<\/title>\n<meta name=\"robots\" content=\"index, follow, max-snippet:-1, max-image-preview:large, max-video-preview:-1\" \/>\n<link rel=\"canonical\" href=\"https:\/\/endodontia.ee\/?page_id=87\" \/>\n<meta property=\"og:locale\" content=\"et_EE\" \/>\n<meta property=\"og:type\" content=\"article\" \/>\n<meta property=\"og:title\" content=\"Artiklid - Eesti Endodontia Selts\" \/>\n<meta property=\"og:description\" content=\"13.-19.novembril 2017. aastal oli Euroopa Endodontide Seltsi (European Society of Endodontology, ESE) korraldatud \u00fcleeuroopaline antibiootikumide teadlikkuse t\u00f5stmise kampaania (ESE Antibiotic Awarness Campaign), mille k\u00e4igus juhiti arstide t\u00e4helepanu lokaalsete ja s\u00fcsteemsete antibiootikumide kasutamise korrektsetele n\u00e4idustustele, et v\u00e4ltida ravimgrupi v\u00e4\u00e4rkasutust. V\u00e4rske liikmena ESE ridades on Eesti Endodontia Seltsi kohus t\u00f5sta teadlikkust ka Eesti arstkonna seas. Antud temaatika on oluline ja puudutab meid k\u00f5iki.\u00a0Loe artiklit\" \/>\n<meta property=\"og:url\" content=\"https:\/\/endodontia.ee\/?page_id=87\" \/>\n<meta property=\"og:site_name\" content=\"Eesti Endodontia Selts\" \/>\n<meta property=\"article:publisher\" content=\"https:\/\/www.facebook.com\/EestiEndodontiaSelts\" \/>\n<meta property=\"article:modified_time\" content=\"2018-03-02T15:14:55+00:00\" \/>\n<meta name=\"twitter:card\" content=\"summary_large_image\" \/>\n<script type=\"application\/ld+json\" class=\"yoast-schema-graph\">{\"@context\":\"https:\\\/\\\/schema.org\",\"@graph\":[{\"@type\":\"WebPage\",\"@id\":\"https:\\\/\\\/endodontia.ee\\\/?page_id=87\",\"url\":\"https:\\\/\\\/endodontia.ee\\\/?page_id=87\",\"name\":\"Artiklid - Eesti Endodontia Selts\",\"isPartOf\":{\"@id\":\"https:\\\/\\\/endodontia.ee\\\/#website\"},\"datePublished\":\"2018-03-02T15:11:41+00:00\",\"dateModified\":\"2018-03-02T15:14:55+00:00\",\"breadcrumb\":{\"@id\":\"https:\\\/\\\/endodontia.ee\\\/?page_id=87#breadcrumb\"},\"inLanguage\":\"et\",\"potentialAction\":[{\"@type\":\"ReadAction\",\"target\":[\"https:\\\/\\\/endodontia.ee\\\/?page_id=87\"]}]},{\"@type\":\"BreadcrumbList\",\"@id\":\"https:\\\/\\\/endodontia.ee\\\/?page_id=87#breadcrumb\",\"itemListElement\":[{\"@type\":\"ListItem\",\"position\":1,\"name\":\"Home\",\"item\":\"https:\\\/\\\/endodontia.ee\\\/\"},{\"@type\":\"ListItem\",\"position\":2,\"name\":\"Artiklid\"}]},{\"@type\":\"WebSite\",\"@id\":\"https:\\\/\\\/endodontia.ee\\\/#website\",\"url\":\"https:\\\/\\\/endodontia.ee\\\/\",\"name\":\"Eesti Endodontia Selts\",\"description\":\"ESE t\u00e4isliige alates 2017\",\"potentialAction\":[{\"@type\":\"SearchAction\",\"target\":{\"@type\":\"EntryPoint\",\"urlTemplate\":\"https:\\\/\\\/endodontia.ee\\\/?s={search_term_string}\"},\"query-input\":{\"@type\":\"PropertyValueSpecification\",\"valueRequired\":true,\"valueName\":\"search_term_string\"}}],\"inLanguage\":\"et\"}]}<\/script>\n<!-- \/ Yoast SEO plugin. -->","yoast_head_json":{"title":"Artiklid - Eesti Endodontia Selts","robots":{"index":"index","follow":"follow","max-snippet":"max-snippet:-1","max-image-preview":"max-image-preview:large","max-video-preview":"max-video-preview:-1"},"canonical":"https:\/\/endodontia.ee\/?page_id=87","og_locale":"et_EE","og_type":"article","og_title":"Artiklid - Eesti Endodontia Selts","og_description":"13.-19.novembril 2017. aastal oli Euroopa Endodontide Seltsi (European Society of Endodontology, ESE) korraldatud \u00fcleeuroopaline antibiootikumide teadlikkuse t\u00f5stmise kampaania (ESE Antibiotic Awarness Campaign), mille k\u00e4igus juhiti arstide t\u00e4helepanu lokaalsete ja s\u00fcsteemsete antibiootikumide kasutamise korrektsetele n\u00e4idustustele, et v\u00e4ltida ravimgrupi v\u00e4\u00e4rkasutust. V\u00e4rske liikmena ESE ridades on Eesti Endodontia Seltsi kohus t\u00f5sta teadlikkust ka Eesti arstkonna seas. Antud temaatika on oluline ja puudutab meid k\u00f5iki.\u00a0Loe artiklit","og_url":"https:\/\/endodontia.ee\/?page_id=87","og_site_name":"Eesti Endodontia Selts","article_publisher":"https:\/\/www.facebook.com\/EestiEndodontiaSelts","article_modified_time":"2018-03-02T15:14:55+00:00","twitter_card":"summary_large_image","schema":{"@context":"https:\/\/schema.org","@graph":[{"@type":"WebPage","@id":"https:\/\/endodontia.ee\/?page_id=87","url":"https:\/\/endodontia.ee\/?page_id=87","name":"Artiklid - Eesti Endodontia Selts","isPartOf":{"@id":"https:\/\/endodontia.ee\/#website"},"datePublished":"2018-03-02T15:11:41+00:00","dateModified":"2018-03-02T15:14:55+00:00","breadcrumb":{"@id":"https:\/\/endodontia.ee\/?page_id=87#breadcrumb"},"inLanguage":"et","potentialAction":[{"@type":"ReadAction","target":["https:\/\/endodontia.ee\/?page_id=87"]}]},{"@type":"BreadcrumbList","@id":"https:\/\/endodontia.ee\/?page_id=87#breadcrumb","itemListElement":[{"@type":"ListItem","position":1,"name":"Home","item":"https:\/\/endodontia.ee\/"},{"@type":"ListItem","position":2,"name":"Artiklid"}]},{"@type":"WebSite","@id":"https:\/\/endodontia.ee\/#website","url":"https:\/\/endodontia.ee\/","name":"Eesti Endodontia Selts","description":"ESE t\u00e4isliige alates 2017","potentialAction":[{"@type":"SearchAction","target":{"@type":"EntryPoint","urlTemplate":"https:\/\/endodontia.ee\/?s={search_term_string}"},"query-input":{"@type":"PropertyValueSpecification","valueRequired":true,"valueName":"search_term_string"}}],"inLanguage":"et"}]}},"_links":{"self":[{"href":"https:\/\/endodontia.ee\/index.php?rest_route=\/wp\/v2\/pages\/87","targetHints":{"allow":["GET"]}}],"collection":[{"href":"https:\/\/endodontia.ee\/index.php?rest_route=\/wp\/v2\/pages"}],"about":[{"href":"https:\/\/endodontia.ee\/index.php?rest_route=\/wp\/v2\/types\/page"}],"author":[{"embeddable":true,"href":"https:\/\/endodontia.ee\/index.php?rest_route=\/wp\/v2\/users\/1"}],"replies":[{"embeddable":true,"href":"https:\/\/endodontia.ee\/index.php?rest_route=%2Fwp%2Fv2%2Fcomments&post=87"}],"version-history":[{"count":3,"href":"https:\/\/endodontia.ee\/index.php?rest_route=\/wp\/v2\/pages\/87\/revisions"}],"predecessor-version":[{"id":94,"href":"https:\/\/endodontia.ee\/index.php?rest_route=\/wp\/v2\/pages\/87\/revisions\/94"}],"wp:attachment":[{"href":"https:\/\/endodontia.ee\/index.php?rest_route=%2Fwp%2Fv2%2Fmedia&parent=87"}],"curies":[{"name":"wp","href":"https:\/\/api.w.org\/{rel}","templated":true}]}}