{"id":62,"date":"2017-11-21T22:01:49","date_gmt":"2017-11-21T19:01:49","guid":{"rendered":"https:\/\/endodontia.ee\/?page_id=62"},"modified":"2018-10-02T12:57:01","modified_gmt":"2018-10-02T09:57:01","slug":"liikmeks-astumine","status":"publish","type":"page","link":"https:\/\/endodontia.ee\/?page_id=62","title":{"rendered":"Liikmeks astumine"},"content":{"rendered":"<p class=\"western\" lang=\"et-EE\">Hea endodontia huviga kolleeg!<\/p>\n<p class=\"western\" lang=\"et-EE\">Eesti Endodontia Selts ootab uusi liikmeid, et iga juureravist huvitatud hambaarst saaks anda oma panuse eriala edendamiseks Eestis ning ka Euroopas (Eesti Endodontia Selts on <i>European Society of Endodontology \u2013 ESE<\/i> t\u00e4isliige alates septembrist 2017).<\/p>\n<p class=\"western\" lang=\"et-EE\">Liikmelisuse eelised:<\/p>\n<ul>\n<li>\n<p class=\"western\" lang=\"et-EE\">infovahetus kolleegidega;<\/p>\n<\/li>\n<li>\n<p class=\"western\" lang=\"et-EE\">omavaheline ravijuhtude anal\u00fc\u00fcs;<\/p>\n<\/li>\n<li>\n<p class=\"western\" lang=\"et-EE\">v\u00f5imalus osaleda erialase info koostamises ning edastamises patsientidele ja kolleegidele;<\/p>\n<\/li>\n<li>\n<p class=\"western\" lang=\"et-EE\">koolituste korraldamine;<\/p>\n<\/li>\n<li>\n<p class=\"western\" lang=\"et-EE\">liikmete info ja kontaktid Eesti Endodontia Seltsi kodulehel ja sotsiaalmeedia kontol;<\/p>\n<\/li>\n<li>\n<p class=\"western\" lang=\"et-EE\">liikmetele kehtivad k\u00f5ik ESE liikmelisuse eelised <span style=\"color: #0000ff;\"><a href=\"http:\/\/www.e-s-e.eu\/\"><span style=\"color: #000000;\">www.e-s-e.eu<\/span><\/a><\/span><\/p>\n<\/li>\n<li>\n<p class=\"western\" lang=\"et-EE\">koost\u00f6\u00f6 toredate kolleegidega!<\/p>\n<\/li>\n<\/ul>\n<p class=\"western\" lang=\"et-EE\">Uutelt liikmetelt ootame:<\/p>\n<ul>\n<li>\n<p class=\"western\" lang=\"et-EE\">huvi ja entusiasmi Seltsi igap\u00e4evat\u00f6\u00f6s kaasal\u00f6\u00f6misel;<\/p>\n<\/li>\n<li>\n<p class=\"western\" lang=\"et-EE\">uusi ideid ja m\u00f5tteid Seltsi arengu soodustamiseks;<\/p>\n<\/li>\n<li>\n<p class=\"western\" lang=\"et-EE\">Seltsi p\u00f5hikirjaga tutvumist ja selle j\u00e4rgimist;<\/p>\n<\/li>\n<li>\n<p class=\"western\" lang=\"et-EE\">Liikmemaksu iga-aastast tasumist (20eur aastas, sisaldab <i>ESE<\/i> liikmemaksu)<\/p>\n<\/li>\n<\/ul>\n<p>Eesti Endodontia Seltsi liikmeks astumiseks tuleb esitada vabas vormis avaldus juhatusele aadressil info (at) endodontia.ee.<\/p>\n<p>Panga rekvisiidid<\/p>\n<p>Eesti Endodontia Selts<\/p>\n<p>LHV\u00a0EE447700771003069131<\/p>\n","protected":false},"excerpt":{"rendered":"<p>Hea endodontia huviga kolleeg! Eesti Endodontia Selts ootab uusi liikmeid, et iga juureravist huvitatud hambaarst saaks anda oma panuse eriala edendamiseks Eestis ning ka Euroopas (Eesti Endodontia Selts on European Society of Endodontology \u2013 ESE t\u00e4isliige alates septembrist 2017). Liikmelisuse eelised: infovahetus kolleegidega; omavaheline ravijuhtude anal\u00fc\u00fcs; v\u00f5imalus osaleda erialase info koostamises ning edastamises patsientidele ja kolleegidele; koolituste korraldamine; liikmete info ja kontaktid Eesti Endodontia Seltsi kodulehel ja sotsiaalmeedia kontol; liikmetele kehtivad k\u00f5ik ESE liikmelisuse eelised www.e-s-e.eu koost\u00f6\u00f6 toredate kolleegidega! Uutelt liikmetelt ootame: huvi ja entusiasmi Seltsi igap\u00e4evat\u00f6\u00f6s kaasal\u00f6\u00f6misel; uusi ideid ja m\u00f5tteid Seltsi arengu soodustamiseks; Seltsi p\u00f5hikirjaga tutvumist ja selle j\u00e4rgimist; Liikmemaksu iga-aastast tasumist (20eur aastas, sisaldab ESE liikmemaksu) Eesti Endodontia Seltsi liikmeks astumiseks tuleb esitada vabas vormis avaldus juhatusele aadressil info (at) endodontia.ee. Panga rekvisiidid Eesti Endodontia Selts LHV\u00a0EE447700771003069131<\/p>\n","protected":false},"author":1,"featured_media":0,"parent":0,"menu_order":0,"comment_status":"closed","ping_status":"closed","template":"","meta":{"footnotes":""},"class_list":["post-62","page","type-page","status-publish","hentry"],"yoast_head":"<!-- This site is optimized with the Yoast SEO plugin v27.5 - https:\/\/yoast.com\/product\/yoast-seo-wordpress\/ -->\n<title>Liikmeks astumine - Eesti Endodontia Selts<\/title>\n<meta name=\"robots\" content=\"index, follow, max-snippet:-1, max-image-preview:large, max-video-preview:-1\" \/>\n<link rel=\"canonical\" href=\"https:\/\/endodontia.ee\/?page_id=62\" \/>\n<meta property=\"og:locale\" content=\"et_EE\" \/>\n<meta property=\"og:type\" content=\"article\" \/>\n<meta property=\"og:title\" content=\"Liikmeks astumine - Eesti Endodontia Selts\" \/>\n<meta property=\"og:description\" content=\"Hea endodontia huviga kolleeg! Eesti Endodontia Selts ootab uusi liikmeid, et iga juureravist huvitatud hambaarst saaks anda oma panuse eriala edendamiseks Eestis ning ka Euroopas (Eesti Endodontia Selts on European Society of Endodontology \u2013 ESE t\u00e4isliige alates septembrist 2017). Liikmelisuse eelised: infovahetus kolleegidega; omavaheline ravijuhtude anal\u00fc\u00fcs; v\u00f5imalus osaleda erialase info koostamises ning edastamises patsientidele ja kolleegidele; koolituste korraldamine; liikmete info ja kontaktid Eesti Endodontia Seltsi kodulehel ja sotsiaalmeedia kontol; liikmetele kehtivad k\u00f5ik ESE liikmelisuse eelised www.e-s-e.eu koost\u00f6\u00f6 toredate kolleegidega! Uutelt liikmetelt ootame: huvi ja entusiasmi Seltsi igap\u00e4evat\u00f6\u00f6s kaasal\u00f6\u00f6misel; uusi ideid ja m\u00f5tteid Seltsi arengu soodustamiseks; Seltsi p\u00f5hikirjaga tutvumist ja selle j\u00e4rgimist; Liikmemaksu iga-aastast tasumist (20eur aastas, sisaldab ESE liikmemaksu) Eesti Endodontia Seltsi liikmeks astumiseks tuleb esitada vabas vormis avaldus juhatusele aadressil info (at) endodontia.ee. Panga rekvisiidid Eesti Endodontia Selts LHV\u00a0EE447700771003069131\" \/>\n<meta property=\"og:url\" content=\"https:\/\/endodontia.ee\/?page_id=62\" \/>\n<meta property=\"og:site_name\" content=\"Eesti Endodontia Selts\" \/>\n<meta property=\"article:publisher\" content=\"https:\/\/www.facebook.com\/EestiEndodontiaSelts\" \/>\n<meta property=\"article:modified_time\" content=\"2018-10-02T09:57:01+00:00\" \/>\n<meta name=\"twitter:card\" content=\"summary_large_image\" \/>\n<meta name=\"twitter:label1\" content=\"Est. reading time\" \/>\n\t<meta name=\"twitter:data1\" content=\"1 minut\" \/>\n<script type=\"application\/ld+json\" class=\"yoast-schema-graph\">{\"@context\":\"https:\\\/\\\/schema.org\",\"@graph\":[{\"@type\":\"WebPage\",\"@id\":\"https:\\\/\\\/endodontia.ee\\\/?page_id=62\",\"url\":\"https:\\\/\\\/endodontia.ee\\\/?page_id=62\",\"name\":\"Liikmeks astumine - Eesti Endodontia Selts\",\"isPartOf\":{\"@id\":\"https:\\\/\\\/endodontia.ee\\\/#website\"},\"datePublished\":\"2017-11-21T19:01:49+00:00\",\"dateModified\":\"2018-10-02T09:57:01+00:00\",\"breadcrumb\":{\"@id\":\"https:\\\/\\\/endodontia.ee\\\/?page_id=62#breadcrumb\"},\"inLanguage\":\"et\",\"potentialAction\":[{\"@type\":\"ReadAction\",\"target\":[\"https:\\\/\\\/endodontia.ee\\\/?page_id=62\"]}]},{\"@type\":\"BreadcrumbList\",\"@id\":\"https:\\\/\\\/endodontia.ee\\\/?page_id=62#breadcrumb\",\"itemListElement\":[{\"@type\":\"ListItem\",\"position\":1,\"name\":\"Home\",\"item\":\"https:\\\/\\\/endodontia.ee\\\/\"},{\"@type\":\"ListItem\",\"position\":2,\"name\":\"Liikmeks astumine\"}]},{\"@type\":\"WebSite\",\"@id\":\"https:\\\/\\\/endodontia.ee\\\/#website\",\"url\":\"https:\\\/\\\/endodontia.ee\\\/\",\"name\":\"Eesti Endodontia Selts\",\"description\":\"ESE t\u00e4isliige alates 2017\",\"potentialAction\":[{\"@type\":\"SearchAction\",\"target\":{\"@type\":\"EntryPoint\",\"urlTemplate\":\"https:\\\/\\\/endodontia.ee\\\/?s={search_term_string}\"},\"query-input\":{\"@type\":\"PropertyValueSpecification\",\"valueRequired\":true,\"valueName\":\"search_term_string\"}}],\"inLanguage\":\"et\"}]}<\/script>\n<!-- \/ Yoast SEO plugin. -->","yoast_head_json":{"title":"Liikmeks astumine - Eesti Endodontia Selts","robots":{"index":"index","follow":"follow","max-snippet":"max-snippet:-1","max-image-preview":"max-image-preview:large","max-video-preview":"max-video-preview:-1"},"canonical":"https:\/\/endodontia.ee\/?page_id=62","og_locale":"et_EE","og_type":"article","og_title":"Liikmeks astumine - Eesti Endodontia Selts","og_description":"Hea endodontia huviga kolleeg! Eesti Endodontia Selts ootab uusi liikmeid, et iga juureravist huvitatud hambaarst saaks anda oma panuse eriala edendamiseks Eestis ning ka Euroopas (Eesti Endodontia Selts on European Society of Endodontology \u2013 ESE t\u00e4isliige alates septembrist 2017). Liikmelisuse eelised: infovahetus kolleegidega; omavaheline ravijuhtude anal\u00fc\u00fcs; v\u00f5imalus osaleda erialase info koostamises ning edastamises patsientidele ja kolleegidele; koolituste korraldamine; liikmete info ja kontaktid Eesti Endodontia Seltsi kodulehel ja sotsiaalmeedia kontol; liikmetele kehtivad k\u00f5ik ESE liikmelisuse eelised www.e-s-e.eu koost\u00f6\u00f6 toredate kolleegidega! Uutelt liikmetelt ootame: huvi ja entusiasmi Seltsi igap\u00e4evat\u00f6\u00f6s kaasal\u00f6\u00f6misel; uusi ideid ja m\u00f5tteid Seltsi arengu soodustamiseks; Seltsi p\u00f5hikirjaga tutvumist ja selle j\u00e4rgimist; Liikmemaksu iga-aastast tasumist (20eur aastas, sisaldab ESE liikmemaksu) Eesti Endodontia Seltsi liikmeks astumiseks tuleb esitada vabas vormis avaldus juhatusele aadressil info (at) endodontia.ee. Panga rekvisiidid Eesti Endodontia Selts LHV\u00a0EE447700771003069131","og_url":"https:\/\/endodontia.ee\/?page_id=62","og_site_name":"Eesti Endodontia Selts","article_publisher":"https:\/\/www.facebook.com\/EestiEndodontiaSelts","article_modified_time":"2018-10-02T09:57:01+00:00","twitter_card":"summary_large_image","twitter_misc":{"Est. reading time":"1 minut"},"schema":{"@context":"https:\/\/schema.org","@graph":[{"@type":"WebPage","@id":"https:\/\/endodontia.ee\/?page_id=62","url":"https:\/\/endodontia.ee\/?page_id=62","name":"Liikmeks astumine - Eesti Endodontia Selts","isPartOf":{"@id":"https:\/\/endodontia.ee\/#website"},"datePublished":"2017-11-21T19:01:49+00:00","dateModified":"2018-10-02T09:57:01+00:00","breadcrumb":{"@id":"https:\/\/endodontia.ee\/?page_id=62#breadcrumb"},"inLanguage":"et","potentialAction":[{"@type":"ReadAction","target":["https:\/\/endodontia.ee\/?page_id=62"]}]},{"@type":"BreadcrumbList","@id":"https:\/\/endodontia.ee\/?page_id=62#breadcrumb","itemListElement":[{"@type":"ListItem","position":1,"name":"Home","item":"https:\/\/endodontia.ee\/"},{"@type":"ListItem","position":2,"name":"Liikmeks astumine"}]},{"@type":"WebSite","@id":"https:\/\/endodontia.ee\/#website","url":"https:\/\/endodontia.ee\/","name":"Eesti Endodontia Selts","description":"ESE t\u00e4isliige alates 2017","potentialAction":[{"@type":"SearchAction","target":{"@type":"EntryPoint","urlTemplate":"https:\/\/endodontia.ee\/?s={search_term_string}"},"query-input":{"@type":"PropertyValueSpecification","valueRequired":true,"valueName":"search_term_string"}}],"inLanguage":"et"}]}},"_links":{"self":[{"href":"https:\/\/endodontia.ee\/index.php?rest_route=\/wp\/v2\/pages\/62","targetHints":{"allow":["GET"]}}],"collection":[{"href":"https:\/\/endodontia.ee\/index.php?rest_route=\/wp\/v2\/pages"}],"about":[{"href":"https:\/\/endodontia.ee\/index.php?rest_route=\/wp\/v2\/types\/page"}],"author":[{"embeddable":true,"href":"https:\/\/endodontia.ee\/index.php?rest_route=\/wp\/v2\/users\/1"}],"replies":[{"embeddable":true,"href":"https:\/\/endodontia.ee\/index.php?rest_route=%2Fwp%2Fv2%2Fcomments&post=62"}],"version-history":[{"count":7,"href":"https:\/\/endodontia.ee\/index.php?rest_route=\/wp\/v2\/pages\/62\/revisions"}],"predecessor-version":[{"id":129,"href":"https:\/\/endodontia.ee\/index.php?rest_route=\/wp\/v2\/pages\/62\/revisions\/129"}],"wp:attachment":[{"href":"https:\/\/endodontia.ee\/index.php?rest_route=%2Fwp%2Fv2%2Fmedia&parent=62"}],"curies":[{"name":"wp","href":"https:\/\/api.w.org\/{rel}","templated":true}]}}